{"id":7247,"date":"2022-12-16T14:56:01","date_gmt":"2022-12-16T17:56:01","guid":{"rendered":"https:\/\/venser.com.br\/?page_id=7247"},"modified":"2022-12-20T09:20:27","modified_gmt":"2022-12-20T12:20:27","slug":"programas-de-desenvolvimento-da-liderenca","status":"publish","type":"page","link":"https:\/\/venser.com.br\/index.php\/programas-de-desenvolvimento-da-liderenca\/","title":{"rendered":"Programas de Desenvolvimento da Lideren\u00e7a"},"content":{"rendered":"<p>[vc_row][vc_column width=&#8221;1\/2&#8243;][vc_column_text]<\/p>\n<h4><span style=\"color: #000000;\">Cada dia mais as organiza\u00e7\u00f5es t\u00eam se conscientizado sobre a import\u00e2ncia e o impacto da lideran\u00e7a nos resultados organizacionais, no n\u00edvel de comprometimento das pessoas, na sa\u00fade emocional dos colaboradores e consequentemente no clima organizacional.<\/span><\/h4>\n<h4><span style=\"color: #000000;\">Por isso, um Programa de Desenvolvimento de Lideran\u00e7a que apoie os L\u00edderes da organiza\u00e7\u00e3o a ampliarem a consci\u00eancia sobre o papel que possuem no desenvolvimento de seus liderados, na constru\u00e7\u00e3o de um ambiente colaborativo e na conquista dos melhores resultados com pessoas, torna-se essencial para qualquer organiza\u00e7\u00e3o que busque destacar-se num mercado t\u00e3o competitivo.<\/span><\/h4>\n<h4><span style=\"color: #000000;\">Investir no <strong>DESENVOLVIMENTO DA LIDERAN\u00c7A<\/strong> \u00e9 a grande alavanca para o sucesso de uma organiza\u00e7\u00e3o.<\/span><\/h4>\n<p>[\/vc_column_text][\/vc_column][vc_column width=&#8221;1\/2&#8243;][vc_single_image image=&#8221;7009&#8243; img_size=&#8221;full&#8221; alignment=&#8221;center&#8221; style=&#8221;vc_box_circle&#8221;][\/vc_column][\/vc_row][vc_row][vc_column][vc_column_text]<\/p>\n<h6 style=\"text-align: right;\"><a href=\"https:\/\/br.freepik.com\/fotos-gratis\/um-grupo-de-pessoas-multinacionais-ocupadas-trabalhando-no-escritorio_9279867.htm#query=Pessoas%20trabalhando&amp;position=4&amp;from_view=search&amp;track=sph\">Imagem de standret<\/a> no Freepik<br \/>\n<a href=\"https:\/\/br.freepik.com\/fotos-gratis\/diversas-pessoas-trabalhando-no-escritorio_15653914.htm#query=Pessoas%20trabalhando&amp;position=3&amp;from_view=search&amp;track=sph\">Imagem de rawpixel.com<\/a> no Freepik<br \/>\n<a href=\"https:\/\/br.freepik.com\/fotos-gratis\/grupo-de-pessoas-trabalhando-no-plano-de-negocios-em-um-escritorio_5495105.htm#query=Pessoas%20trabalhando&amp;position=2&amp;from_view=search&amp;track=sph\">Imagem de senivpetro<\/a> no Freepik<br \/>\n<a href=\"https:\/\/br.freepik.com\/fotos-gratis\/todos-estao-sorrindo-e-ouvindo-grupo-de-pessoas-em-conferencia-de-negocios-em-sala-de-aula-moderna-durante-o-dia_9694503.htm#query=Pessoas%20treinamento&amp;position=0&amp;from_view=search&amp;track=sph\">Imagem de standret<\/a> no Freepik<br \/>\n<a href=\"https:\/\/br.freepik.com\/fotos-gratis\/palestrante-masculino-fazendo-apresentacao-no-corredor-do-workshop-da-universidade-publico-ou-sala-de-conferencias_12726945.htm#query=Pessoas%20treinamento&amp;position=5&amp;from_view=search&amp;track=sph\">Imagem de master1305<\/a> no Freepik<br \/>\n<a href=\"https:\/\/br.freepik.com\/fotos-gratis\/um-grupo-de-amigos-alegres_3277777.htm#query=diversidade&amp;position=7&amp;from_view=search&amp;track=sph\">Imagem de rawpixel.com<\/a> no Freepik<br \/>\nImagem de <a href=\"https:\/\/br.freepik.com\/fotos-gratis\/jovens-comemorando-o-mes-do-orgulho_23987619.htm#query=diversidade&amp;position=24&amp;from_view=search&amp;track=sph\">Freepik<\/a><br \/>\n<a href=\"https:\/\/br.freepik.com\/fotos-gratis\/maos-negocio-juntou-junto-trabalho-equipe_2975995.htm#query=valores&amp;position=0&amp;from_view=search&amp;track=sph\">Imagem de rawpixel.com<\/a> no Freepik<br \/>\n<a href=\"https:\/\/br.freepik.com\/fotos-gratis\/panorama-do-por-do-sol-da-grande-muralha_26921266.htm#query=Hist%C3%B3ria&amp;position=34&amp;from_view=search&amp;track=sph\">Imagem de TravelScape<\/a> no Freepik<br \/>\n<a href=\"https:\/\/br.freepik.com\/fotos-gratis\/lider-de-equipe-focado-apresentando-plano-de-marketing-para-colegas-de-trabalho-multirraciais-interessados-executivo-chefe-palestrante-serio-treinador-de-negocios-explicando-a-estrategia-de-desenvolvimento-para-funcionarios-mesticos-motivados_17983464.htm#query=desenvolvimento&amp;position=29&amp;from_view=search&amp;track=sph\">Imagem de DCStudio<\/a> no Freepik<br \/>\n<a href=\"https:\/\/br.freepik.com\/fotos-gratis\/feliz-equipe-de-negocios-animada-comemorando-parceria-de-sucesso-desfrutando-juntos-no-escritorio-de-inicializacao-colaboracao-de-negocios-de-realizacao-de-diversos-empresarios-sorridentes-conceito-de-vitoria_23485573.htm#page=2&amp;query=equipe%20unida&amp;position=0&amp;from_view=search&amp;track=sph\">Imagem de DCStudio<\/a> no Freepik<br \/>\n<a href=\"https:\/\/br.freepik.com\/fotos-gratis\/economistas-falando_5401134.htm#query=conversa%20trabalho&amp;position=0&amp;from_view=search&amp;track=sph\">Imagem de pressfoto<\/a> no Freepik<\/h6>\n<p>[\/vc_column_text][\/vc_column][\/vc_row]<\/p>\n","protected":false},"excerpt":{"rendered":"<p>[vc_row][vc_column width=&#8221;1\/2&#8243;][vc_column_text] Cada dia mais as organiza\u00e7\u00f5es t\u00eam se conscientizado sobre a import\u00e2ncia e o impacto da lideran\u00e7a nos resultados organizacionais, no n\u00edvel de comprometimento das pessoas, na sa\u00fade emocional dos colaboradores e consequentemente no clima organizacional. Por isso, um Programa de Desenvolvimento de Lideran\u00e7a que apoie os L\u00edderes da organiza\u00e7\u00e3o a ampliarem a consci\u00eancia [&hellip;]<\/p>\n","protected":false},"author":1,"featured_media":0,"parent":0,"menu_order":0,"comment_status":"closed","ping_status":"closed","template":"","meta":[],"_links":{"self":[{"href":"https:\/\/venser.com.br\/index.php\/wp-json\/wp\/v2\/pages\/7247"}],"collection":[{"href":"https:\/\/venser.com.br\/index.php\/wp-json\/wp\/v2\/pages"}],"about":[{"href":"https:\/\/venser.com.br\/index.php\/wp-json\/wp\/v2\/types\/page"}],"author":[{"embeddable":true,"href":"https:\/\/venser.com.br\/index.php\/wp-json\/wp\/v2\/users\/1"}],"replies":[{"embeddable":true,"href":"https:\/\/venser.com.br\/index.php\/wp-json\/wp\/v2\/comments?post=7247"}],"version-history":[{"count":4,"href":"https:\/\/venser.com.br\/index.php\/wp-json\/wp\/v2\/pages\/7247\/revisions"}],"predecessor-version":[{"id":7321,"href":"https:\/\/venser.com.br\/index.php\/wp-json\/wp\/v2\/pages\/7247\/revisions\/7321"}],"wp:attachment":[{"href":"https:\/\/venser.com.br\/index.php\/wp-json\/wp\/v2\/media?parent=7247"}],"curies":[{"name":"wp","href":"https:\/\/api.w.org\/{rel}","templated":true}]}}