{"id":7229,"date":"2022-12-16T14:30:35","date_gmt":"2022-12-16T17:30:35","guid":{"rendered":"https:\/\/venser.com.br\/?page_id=7229"},"modified":"2022-12-20T09:12:58","modified_gmt":"2022-12-20T12:12:58","slug":"excelencia-no-atendimento-ao-cliente","status":"publish","type":"page","link":"https:\/\/venser.com.br\/index.php\/excelencia-no-atendimento-ao-cliente\/","title":{"rendered":"Excel\u00eancia no Atendimento ao Cliente"},"content":{"rendered":"<p>[vc_row][vc_column width=&#8221;1\/2&#8243;][vc_column_text]<\/p>\n<h4><span style=\"color: #000000;\">A pesquisa\u00a0Global State of Multichannel Customer Service Report, desenvolvida pela Microsoft, aponta que 61% dos consumidores consideram o servi\u00e7o de atendimento ao cliente como \u201cmuito importante\u201d na escolha da lealdade a uma marca.<\/span><\/h4>\n<h4><span style=\"color: #000000;\">Na mesma pesquisa,\u00a080% dos consumidores afirmaram que deixaram de fazer neg\u00f3cios com uma marca devido a uma experi\u00eancia ruim de servi\u00e7o ao cliente.<\/span><\/h4>\n<h4><span style=\"color: #000000;\">Colaboradores motivados e bem-preparados para atender e solucionar os problemas que chegam at\u00e9 eles significa satisfa\u00e7\u00e3o de ambos os lados: funcion\u00e1rios e clientes.<\/span><\/h4>\n<h4><span style=\"color: #000000;\">Qualificar os colaboradores que atendem ao cliente para constru\u00edrem uma experiencia especial na rela\u00e7\u00e3o com o cliente \u00e9 um fator decisivo para o sucesso de uma empresa.<\/span><\/h4>\n<p>[\/vc_column_text][\/vc_column][vc_column width=&#8221;1\/2&#8243;][vc_single_image image=&#8221;7034&#8243; img_size=&#8221;full&#8221; alignment=&#8221;center&#8221; style=&#8221;vc_box_circle&#8221;][\/vc_column][\/vc_row][vc_row][vc_column][vc_column_text]<\/p>\n<h6 style=\"text-align: right;\"><a href=\"https:\/\/br.freepik.com\/fotos-gratis\/um-grupo-de-pessoas-multinacionais-ocupadas-trabalhando-no-escritorio_9279867.htm#query=Pessoas%20trabalhando&amp;position=4&amp;from_view=search&amp;track=sph\">Imagem de standret<\/a> no Freepik<br \/>\n<a href=\"https:\/\/br.freepik.com\/fotos-gratis\/diversas-pessoas-trabalhando-no-escritorio_15653914.htm#query=Pessoas%20trabalhando&amp;position=3&amp;from_view=search&amp;track=sph\">Imagem de rawpixel.com<\/a> no Freepik<br \/>\n<a href=\"https:\/\/br.freepik.com\/fotos-gratis\/grupo-de-pessoas-trabalhando-no-plano-de-negocios-em-um-escritorio_5495105.htm#query=Pessoas%20trabalhando&amp;position=2&amp;from_view=search&amp;track=sph\">Imagem de senivpetro<\/a> no Freepik<br \/>\n<a href=\"https:\/\/br.freepik.com\/fotos-gratis\/todos-estao-sorrindo-e-ouvindo-grupo-de-pessoas-em-conferencia-de-negocios-em-sala-de-aula-moderna-durante-o-dia_9694503.htm#query=Pessoas%20treinamento&amp;position=0&amp;from_view=search&amp;track=sph\">Imagem de standret<\/a> no Freepik<br \/>\n<a href=\"https:\/\/br.freepik.com\/fotos-gratis\/palestrante-masculino-fazendo-apresentacao-no-corredor-do-workshop-da-universidade-publico-ou-sala-de-conferencias_12726945.htm#query=Pessoas%20treinamento&amp;position=5&amp;from_view=search&amp;track=sph\">Imagem de master1305<\/a> no Freepik<br \/>\n<a href=\"https:\/\/br.freepik.com\/fotos-gratis\/um-grupo-de-amigos-alegres_3277777.htm#query=diversidade&amp;position=7&amp;from_view=search&amp;track=sph\">Imagem de rawpixel.com<\/a> no Freepik<br \/>\nImagem de <a href=\"https:\/\/br.freepik.com\/fotos-gratis\/jovens-comemorando-o-mes-do-orgulho_23987619.htm#query=diversidade&amp;position=24&amp;from_view=search&amp;track=sph\">Freepik<\/a><br \/>\n<a href=\"https:\/\/br.freepik.com\/fotos-gratis\/maos-negocio-juntou-junto-trabalho-equipe_2975995.htm#query=valores&amp;position=0&amp;from_view=search&amp;track=sph\">Imagem de rawpixel.com<\/a> no Freepik<br \/>\n<a href=\"https:\/\/br.freepik.com\/fotos-gratis\/panorama-do-por-do-sol-da-grande-muralha_26921266.htm#query=Hist%C3%B3ria&amp;position=34&amp;from_view=search&amp;track=sph\">Imagem de TravelScape<\/a> no Freepik<br \/>\n<a href=\"https:\/\/br.freepik.com\/fotos-gratis\/lider-de-equipe-focado-apresentando-plano-de-marketing-para-colegas-de-trabalho-multirraciais-interessados-executivo-chefe-palestrante-serio-treinador-de-negocios-explicando-a-estrategia-de-desenvolvimento-para-funcionarios-mesticos-motivados_17983464.htm#query=desenvolvimento&amp;position=29&amp;from_view=search&amp;track=sph\">Imagem de DCStudio<\/a> no Freepik<br \/>\n<a href=\"https:\/\/br.freepik.com\/fotos-gratis\/feliz-equipe-de-negocios-animada-comemorando-parceria-de-sucesso-desfrutando-juntos-no-escritorio-de-inicializacao-colaboracao-de-negocios-de-realizacao-de-diversos-empresarios-sorridentes-conceito-de-vitoria_23485573.htm#page=2&amp;query=equipe%20unida&amp;position=0&amp;from_view=search&amp;track=sph\">Imagem de DCStudio<\/a> no Freepik<br \/>\n<a href=\"https:\/\/br.freepik.com\/fotos-gratis\/economistas-falando_5401134.htm#query=conversa%20trabalho&amp;position=0&amp;from_view=search&amp;track=sph\">Imagem de pressfoto<\/a> no Freepik<\/h6>\n<p>[\/vc_column_text][\/vc_column][\/vc_row]<\/p>\n","protected":false},"excerpt":{"rendered":"<p>[vc_row][vc_column width=&#8221;1\/2&#8243;][vc_column_text] A pesquisa\u00a0Global State of Multichannel Customer Service Report, desenvolvida pela Microsoft, aponta que 61% dos consumidores consideram o servi\u00e7o de atendimento ao cliente como \u201cmuito importante\u201d na escolha da lealdade a uma marca. Na mesma pesquisa,\u00a080% dos consumidores afirmaram que deixaram de fazer neg\u00f3cios com uma marca devido a uma experi\u00eancia ruim de [&hellip;]<\/p>\n","protected":false},"author":1,"featured_media":7040,"parent":0,"menu_order":0,"comment_status":"closed","ping_status":"closed","template":"","meta":[],"_links":{"self":[{"href":"https:\/\/venser.com.br\/index.php\/wp-json\/wp\/v2\/pages\/7229"}],"collection":[{"href":"https:\/\/venser.com.br\/index.php\/wp-json\/wp\/v2\/pages"}],"about":[{"href":"https:\/\/venser.com.br\/index.php\/wp-json\/wp\/v2\/types\/page"}],"author":[{"embeddable":true,"href":"https:\/\/venser.com.br\/index.php\/wp-json\/wp\/v2\/users\/1"}],"replies":[{"embeddable":true,"href":"https:\/\/venser.com.br\/index.php\/wp-json\/wp\/v2\/comments?post=7229"}],"version-history":[{"count":7,"href":"https:\/\/venser.com.br\/index.php\/wp-json\/wp\/v2\/pages\/7229\/revisions"}],"predecessor-version":[{"id":7315,"href":"https:\/\/venser.com.br\/index.php\/wp-json\/wp\/v2\/pages\/7229\/revisions\/7315"}],"wp:featuredmedia":[{"embeddable":true,"href":"https:\/\/venser.com.br\/index.php\/wp-json\/wp\/v2\/media\/7040"}],"wp:attachment":[{"href":"https:\/\/venser.com.br\/index.php\/wp-json\/wp\/v2\/media?parent=7229"}],"curies":[{"name":"wp","href":"https:\/\/api.w.org\/{rel}","templated":true}]}}