{"id":6962,"date":"2022-10-20T20:12:59","date_gmt":"2022-10-20T23:12:59","guid":{"rendered":"https:\/\/venser.com.br\/?page_id=6962"},"modified":"2022-12-20T09:16:09","modified_gmt":"2022-12-20T12:16:09","slug":"mindset-para-diversidade-e-inclusao","status":"publish","type":"page","link":"https:\/\/venser.com.br\/index.php\/mindset-para-diversidade-e-inclusao\/","title":{"rendered":"Mindset para Diversidade e Inclus\u00e3o"},"content":{"rendered":"<p>[vc_row][vc_column][vc_single_image image=&#8221;7290&#8243; img_size=&#8221;full&#8221; alignment=&#8221;center&#8221; style=&#8221;vc_box_circle&#8221;][\/vc_column][\/vc_row][vc_row][vc_column][vc_column_text]<\/p>\n<h4><span style=\"color: #000000;\">Promover um ambiente cada vez mais inclusivo, livre de estere\u00f3tipos, preconceitos e discrimina\u00e7\u00e3o, onde cada indiv\u00edduo possa ser quem realmente \u00e9.<\/span><\/h4>\n<h4><span style=\"color: #000000;\">Um ambiente que abrace as diferen\u00e7as como mola propulsora para uma sociedade melhor para gera\u00e7\u00f5es atuais e futuras.<\/span><br \/>\n<span style=\"color: #000000;\">A atitude inclusiva deve ser uma premissa para todos para a constru\u00e7\u00e3o de uma historia mais rica pela pluralidade e interdepend\u00eancia.<\/span><\/h4>\n<h4><span style=\"color: #000000;\">A Diversidade potencializa a inova\u00e7\u00e3o, a criatividade, os resultados e gera um ambiente humano mais enriquecido e de evolu\u00e7\u00e3o para todos.<\/span><br \/>\n<span style=\"color: #000000;\">Desenvolver compet\u00eancias comportamentais que sustentem programas de Diversidades e inclus\u00e3o em empresas.<\/span><\/h4>\n<p>[\/vc_column_text][\/vc_column][\/vc_row][vc_row][vc_column][vc_single_image image=&#8221;7199&#8243; img_size=&#8221;full&#8221; alignment=&#8221;center&#8221;][\/vc_column][\/vc_row][vc_row][vc_column width=&#8221;1\/2&#8243;][vc_single_image image=&#8221;7202&#8243; img_size=&#8221;full&#8221; alignment=&#8221;center&#8221;][\/vc_column][vc_column width=&#8221;1\/2&#8243;][vc_single_image image=&#8221;7203&#8243; img_size=&#8221;full&#8221; alignment=&#8221;center&#8221;][\/vc_column][\/vc_row][vc_row][vc_column width=&#8221;1\/2&#8243;][vc_single_image image=&#8221;7204&#8243; img_size=&#8221;full&#8221; alignment=&#8221;center&#8221;][\/vc_column][vc_column width=&#8221;1\/2&#8243;][vc_single_image image=&#8221;7205&#8243; img_size=&#8221;full&#8221; alignment=&#8221;center&#8221;][\/vc_column][\/vc_row][vc_row][vc_column width=&#8221;1\/2&#8243;][vc_single_image image=&#8221;7206&#8243; img_size=&#8221;full&#8221; alignment=&#8221;center&#8221;][\/vc_column][vc_column width=&#8221;1\/2&#8243;][vc_single_image image=&#8221;7207&#8243; img_size=&#8221;full&#8221; alignment=&#8221;center&#8221;][\/vc_column][\/vc_row][vc_row][vc_column width=&#8221;1\/2&#8243;][vc_single_image image=&#8221;7208&#8243; img_size=&#8221;full&#8221; alignment=&#8221;center&#8221;][\/vc_column][vc_column width=&#8221;1\/2&#8243;][vc_single_image image=&#8221;7209&#8243; img_size=&#8221;full&#8221; alignment=&#8221;center&#8221;][\/vc_column][\/vc_row][vc_row][vc_column][vc_column_text css_animation=&#8221;fadeIn&#8221;]<\/p>\n<h4 style=\"text-align: left;\">Quer saber mais sobre outros servi\u00e7os?\u00a0<span style=\"color: #ff9900;\"> <a style=\"color: #ff9900;\" href=\"https:\/\/venser.com.br\/index.php\/services\/\">Clique aqui!<\/a><\/span><\/h4>\n<p>[\/vc_column_text][\/vc_column][\/vc_row][vc_row][vc_column][vc_column_text]<\/p>\n<h6 style=\"text-align: right;\"><a href=\"https:\/\/br.freepik.com\/fotos-gratis\/um-grupo-de-pessoas-multinacionais-ocupadas-trabalhando-no-escritorio_9279867.htm#query=Pessoas%20trabalhando&amp;position=4&amp;from_view=search&amp;track=sph\">Imagem de standret<\/a> no Freepik<br \/>\n<a href=\"https:\/\/br.freepik.com\/fotos-gratis\/diversas-pessoas-trabalhando-no-escritorio_15653914.htm#query=Pessoas%20trabalhando&amp;position=3&amp;from_view=search&amp;track=sph\">Imagem de rawpixel.com<\/a> no Freepik<br \/>\n<a href=\"https:\/\/br.freepik.com\/fotos-gratis\/grupo-de-pessoas-trabalhando-no-plano-de-negocios-em-um-escritorio_5495105.htm#query=Pessoas%20trabalhando&amp;position=2&amp;from_view=search&amp;track=sph\">Imagem de senivpetro<\/a> no Freepik<br \/>\n<a href=\"https:\/\/br.freepik.com\/fotos-gratis\/todos-estao-sorrindo-e-ouvindo-grupo-de-pessoas-em-conferencia-de-negocios-em-sala-de-aula-moderna-durante-o-dia_9694503.htm#query=Pessoas%20treinamento&amp;position=0&amp;from_view=search&amp;track=sph\">Imagem de standret<\/a> no Freepik<br \/>\n<a href=\"https:\/\/br.freepik.com\/fotos-gratis\/palestrante-masculino-fazendo-apresentacao-no-corredor-do-workshop-da-universidade-publico-ou-sala-de-conferencias_12726945.htm#query=Pessoas%20treinamento&amp;position=5&amp;from_view=search&amp;track=sph\">Imagem de master1305<\/a> no Freepik<br \/>\n<a href=\"https:\/\/br.freepik.com\/fotos-gratis\/um-grupo-de-amigos-alegres_3277777.htm#query=diversidade&amp;position=7&amp;from_view=search&amp;track=sph\">Imagem de rawpixel.com<\/a> no Freepik<br \/>\nImagem de <a href=\"https:\/\/br.freepik.com\/fotos-gratis\/jovens-comemorando-o-mes-do-orgulho_23987619.htm#query=diversidade&amp;position=24&amp;from_view=search&amp;track=sph\">Freepik<\/a><br \/>\n<a href=\"https:\/\/br.freepik.com\/fotos-gratis\/maos-negocio-juntou-junto-trabalho-equipe_2975995.htm#query=valores&amp;position=0&amp;from_view=search&amp;track=sph\">Imagem de rawpixel.com<\/a> no Freepik<br \/>\n<a href=\"https:\/\/br.freepik.com\/fotos-gratis\/panorama-do-por-do-sol-da-grande-muralha_26921266.htm#query=Hist%C3%B3ria&amp;position=34&amp;from_view=search&amp;track=sph\">Imagem de TravelScape<\/a> no Freepik<br \/>\n<a href=\"https:\/\/br.freepik.com\/fotos-gratis\/lider-de-equipe-focado-apresentando-plano-de-marketing-para-colegas-de-trabalho-multirraciais-interessados-executivo-chefe-palestrante-serio-treinador-de-negocios-explicando-a-estrategia-de-desenvolvimento-para-funcionarios-mesticos-motivados_17983464.htm#query=desenvolvimento&amp;position=29&amp;from_view=search&amp;track=sph\">Imagem de DCStudio<\/a> no Freepik<br \/>\n<a href=\"https:\/\/br.freepik.com\/fotos-gratis\/feliz-equipe-de-negocios-animada-comemorando-parceria-de-sucesso-desfrutando-juntos-no-escritorio-de-inicializacao-colaboracao-de-negocios-de-realizacao-de-diversos-empresarios-sorridentes-conceito-de-vitoria_23485573.htm#page=2&amp;query=equipe%20unida&amp;position=0&amp;from_view=search&amp;track=sph\">Imagem de DCStudio<\/a> no Freepik<br \/>\n<a href=\"https:\/\/br.freepik.com\/fotos-gratis\/economistas-falando_5401134.htm#query=conversa%20trabalho&amp;position=0&amp;from_view=search&amp;track=sph\">Imagem de pressfoto<\/a> no Freepik<\/h6>\n<p>[\/vc_column_text][\/vc_column][\/vc_row]<\/p>\n","protected":false},"excerpt":{"rendered":"<p>[vc_row][vc_column][vc_single_image image=&#8221;7290&#8243; img_size=&#8221;full&#8221; alignment=&#8221;center&#8221; style=&#8221;vc_box_circle&#8221;][\/vc_column][\/vc_row][vc_row][vc_column][vc_column_text] Promover um ambiente cada vez mais inclusivo, livre de estere\u00f3tipos, preconceitos e discrimina\u00e7\u00e3o, onde cada indiv\u00edduo possa ser quem realmente \u00e9. Um ambiente que abrace as diferen\u00e7as como mola propulsora para uma sociedade melhor para gera\u00e7\u00f5es atuais e futuras. A atitude inclusiva deve ser uma premissa para todos para a [&hellip;]<\/p>\n","protected":false},"author":1,"featured_media":0,"parent":0,"menu_order":0,"comment_status":"closed","ping_status":"closed","template":"","meta":[],"_links":{"self":[{"href":"https:\/\/venser.com.br\/index.php\/wp-json\/wp\/v2\/pages\/6962"}],"collection":[{"href":"https:\/\/venser.com.br\/index.php\/wp-json\/wp\/v2\/pages"}],"about":[{"href":"https:\/\/venser.com.br\/index.php\/wp-json\/wp\/v2\/types\/page"}],"author":[{"embeddable":true,"href":"https:\/\/venser.com.br\/index.php\/wp-json\/wp\/v2\/users\/1"}],"replies":[{"embeddable":true,"href":"https:\/\/venser.com.br\/index.php\/wp-json\/wp\/v2\/comments?post=6962"}],"version-history":[{"count":11,"href":"https:\/\/venser.com.br\/index.php\/wp-json\/wp\/v2\/pages\/6962\/revisions"}],"predecessor-version":[{"id":7317,"href":"https:\/\/venser.com.br\/index.php\/wp-json\/wp\/v2\/pages\/6962\/revisions\/7317"}],"wp:attachment":[{"href":"https:\/\/venser.com.br\/index.php\/wp-json\/wp\/v2\/media?parent=6962"}],"curies":[{"name":"wp","href":"https:\/\/api.w.org\/{rel}","templated":true}]}}