{"id":5,"date":"2017-12-13T13:24:43","date_gmt":"2017-12-13T15:24:43","guid":{"rendered":"https:\/\/modeltheme.com\/mt_bellavita\/?page_id=5"},"modified":"2026-01-23T12:48:56","modified_gmt":"2026-01-23T15:48:56","slug":"home-venser","status":"publish","type":"page","link":"https:\/\/venser.com.br\/","title":{"rendered":"Home"},"content":{"rendered":"<p>[vc_row full_width=&#8221;stretch_row&#8221; css=&#8221;.vc_custom_1513775640879{margin-top: 0px !important;margin-bottom: 0px !important;padding-top: 80px !important;padding-bottom: 55px !important;}&#8221;][vc_column][vc_empty_space height=&#8221;20px&#8221;][vc_row_inner css=&#8221;.vc_custom_1513775567730{margin-bottom: 0px !important;padding-bottom: 0px !important;}&#8221;][vc_column_inner width=&#8221;1\/3&#8243;][vc_single_image image=&#8221;7290&#8243; img_size=&#8221;150&#215;150&#8243; alignment=&#8221;center&#8221; style=&#8221;vc_box_circle_2&#8243;][vc_custom_heading text=&#8221;Diversidade e Inclus\u00e3o&#8221; font_container=&#8221;tag:h3|font_size:20|text_align:center|color:%23252525&#8243; google_fonts=&#8221;font_family:Nunito%3A300%2Cregular%2C700|font_style:700%20bold%20regular%3A700%3Anormal&#8221; css_animation=&#8221;fadeIn&#8221;][vc_btn title=&#8221;Mais informa\u00e7\u00f5es&#8221; style=&#8221;custom&#8221; custom_background=&#8221;#ffffff&#8221; custom_text=&#8221;#252525&#8243; align=&#8221;center&#8221; i_align=&#8221;right&#8221; i_icon_fontawesome=&#8221;fa fa-long-arrow-right&#8221; css_animation=&#8221;fadeIn&#8221; add_icon=&#8221;true&#8221; link=&#8221;url:https%3A%2F%2Fvenser.com.br%2Findex.php%2Fmindset-para-diversidade-e-inclusao%2F|title:Mindset%20para%20Diversidade%20e%20Inclus%C3%A3o||&#8221; el_class=&#8221;button-custom-community&#8221;][vc_single_image image=&#8221;7005&#8243; img_size=&#8221;150&#215;150&#8243; alignment=&#8221;center&#8221; style=&#8221;vc_box_circle_2&#8243;][vc_custom_heading text=&#8221;Conhecendo o Prop\u00f3sito da Empresa&#8221; font_container=&#8221;tag:h3|font_size:20|text_align:center|color:%23252525&#8243; google_fonts=&#8221;font_family:Nunito%3A300%2Cregular%2C700|font_style:700%20bold%20regular%3A700%3Anormal&#8221; css_animation=&#8221;fadeIn&#8221;][vc_btn title=&#8221;Mais informa\u00e7\u00f5es&#8221; style=&#8221;custom&#8221; custom_background=&#8221;#ffffff&#8221; custom_text=&#8221;#252525&#8243; align=&#8221;center&#8221; i_align=&#8221;right&#8221; i_icon_fontawesome=&#8221;fa fa-long-arrow-right&#8221; css_animation=&#8221;fadeIn&#8221; add_icon=&#8221;true&#8221; link=&#8221;url:https%3A%2F%2Fvenser.com.br%2Findex.php%2Fconhecendo-o-proposito-da-empresa%2F|title:Conhecendo%20o%20Prop%C3%B3sito%20da%20Empresa||&#8221; el_class=&#8221;button-custom-community&#8221;][\/vc_column_inner][vc_column_inner width=&#8221;1\/3&#8243;][vc_single_image image=&#8221;7006&#8243; img_size=&#8221;150&#215;150&#8243; alignment=&#8221;center&#8221; style=&#8221;vc_box_circle_2&#8243;][vc_custom_heading text=&#8221;Excel\u00eancia no Atendimento ao Cliente&#8221; font_container=&#8221;tag:h3|font_size:20|text_align:center|color:%23252525&#8243; google_fonts=&#8221;font_family:Nunito%3A300%2Cregular%2C700|font_style:700%20bold%20regular%3A700%3Anormal&#8221; css_animation=&#8221;fadeIn&#8221;][vc_btn title=&#8221;Mais informa\u00e7\u00f5es&#8221; style=&#8221;custom&#8221; custom_background=&#8221;#ffffff&#8221; custom_text=&#8221;#252525&#8243; align=&#8221;center&#8221; i_align=&#8221;right&#8221; i_icon_fontawesome=&#8221;fa fa-long-arrow-right&#8221; css_animation=&#8221;fadeIn&#8221; add_icon=&#8221;true&#8221; link=&#8221;url:https%3A%2F%2Fvenser.com.br%2Findex.php%2Fexcelencia-no-atendimento-ao-cliente%2F|title:Excel%C3%AAncia%20no%20Atendimento%20ao%20Cliente||&#8221; el_class=&#8221;button-custom-community&#8221;][vc_single_image image=&#8221;7009&#8243; img_size=&#8221;150&#215;150&#8243; alignment=&#8221;center&#8221; style=&#8221;vc_box_circle_2&#8243;][vc_custom_heading text=&#8221;Programas de Desenvolvimento de Lideran\u00e7a&#8221; font_container=&#8221;tag:h3|font_size:20|text_align:center|color:%23252525&#8243; google_fonts=&#8221;font_family:Nunito%3A300%2Cregular%2C700|font_style:700%20bold%20regular%3A700%3Anormal&#8221; css_animation=&#8221;fadeIn&#8221;][vc_btn title=&#8221;Mais informa\u00e7\u00f5es&#8221; style=&#8221;custom&#8221; custom_background=&#8221;#ffffff&#8221; custom_text=&#8221;#252525&#8243; align=&#8221;center&#8221; i_align=&#8221;right&#8221; i_icon_fontawesome=&#8221;fa fa-long-arrow-right&#8221; css_animation=&#8221;fadeIn&#8221; add_icon=&#8221;true&#8221; link=&#8221;url:https%3A%2F%2Fvenser.com.br%2Findex.php%2Fprogramas-de-desenvolvimento-da-liderenca%2F|title:Programas%20de%20Desenvolvimento%20da%20Lideren%C3%A7a||&#8221; el_class=&#8221;button-custom-community&#8221;][vc_empty_space height=&#8221;16px&#8221;][\/vc_column_inner][vc_column_inner width=&#8221;1\/3&#8243;][vc_single_image image=&#8221;7010&#8243; img_size=&#8221;150&#215;150&#8243; alignment=&#8221;center&#8221; style=&#8221;vc_box_circle_2&#8243;][vc_custom_heading text=&#8221;Desenvolvimento de Soft Skills&#8221; font_container=&#8221;tag:h3|font_size:20|text_align:center|color:%23252525&#8243; google_fonts=&#8221;font_family:Nunito%3A300%2Cregular%2C700|font_style:700%20bold%20regular%3A700%3Anormal&#8221; css_animation=&#8221;fadeIn&#8221;][vc_btn title=&#8221;Mais informa\u00e7\u00f5es&#8221; style=&#8221;custom&#8221; custom_background=&#8221;#ffffff&#8221; custom_text=&#8221;#252525&#8243; align=&#8221;center&#8221; i_align=&#8221;right&#8221; i_icon_fontawesome=&#8221;fa fa-long-arrow-right&#8221; css_animation=&#8221;fadeIn&#8221; add_icon=&#8221;true&#8221; link=&#8221;url:https%3A%2F%2Fvenser.com.br%2Findex.php%2Fdesenvolvimento-da-soft-skills%2F|title:Desenvolvimento%20das%20soft%20skills||&#8221; el_class=&#8221;button-custom-community&#8221;][vc_single_image image=&#8221;7293&#8243; img_size=&#8221;150&#215;150&#8243; alignment=&#8221;center&#8221; style=&#8221;vc_box_circle_2&#8243;][vc_custom_heading text=&#8221;Processos de Coaching&#8221; font_container=&#8221;tag:h3|font_size:20|text_align:center|color:%23252525&#8243; google_fonts=&#8221;font_family:Nunito%3A300%2Cregular%2C700|font_style:700%20bold%20regular%3A700%3Anormal&#8221; css_animation=&#8221;fadeIn&#8221;][vc_btn title=&#8221;Mais informa\u00e7\u00f5es&#8221; style=&#8221;custom&#8221; custom_background=&#8221;#ffffff&#8221; custom_text=&#8221;#252525&#8243; align=&#8221;center&#8221; i_align=&#8221;right&#8221; i_icon_fontawesome=&#8221;fa fa-long-arrow-right&#8221; css_animation=&#8221;fadeIn&#8221; add_icon=&#8221;true&#8221; link=&#8221;url:https%3A%2F%2Fvenser.com.br%2Findex.php%2Fprocessos-de-coaching%2F|title:Processos%20de%20Coaching||&#8221; el_class=&#8221;button-custom-community&#8221;][\/vc_column_inner][\/vc_row_inner][\/vc_column][\/vc_row][vc_row full_width=&#8221;stretch_row&#8221; css=&#8221;.vc_custom_1513862135957{margin-top: 0px !important;margin-bottom: 0px !important;padding-top: 40px !important;padding-bottom: 0px !important;}&#8221;][vc_column][vc_empty_space height=&#8221;45px&#8221;]<script>\n                jQuery(document).ready( function() {\n                    jQuery(\".mt_slider_members_69d95ac796d37\").owlCarousel({\n                        navigation      : true, \/\/ Show next and prev buttons\n                        pagination      : true,\n                        autoPlay        : false,\n                        slideSpeed      : 700,\n                        paginationSpeed : 700,\n                        autoWidth: true,\n                        itemsCustom : [\n                            [0,     1],\n                            [450,   1],\n                            [600,   1],\n                            [700,   1],\n                            [1000,  1],\n                            [1200,  1],\n                            [1400,  1],\n                            [1600,  1]\n                        ]\n                    });\n                    \n                jQuery(\".mt_slider_members_69d95ac796d37 .owl-wrapper .owl-item:nth-child(2)\").addClass(\"hover_class\");\n                jQuery(\".mt_slider_members_69d95ac796d37 .owl-wrapper .owl-item\").hover(\n                  function () {\n                    jQuery(\".mt_slider_members_69d95ac796d37 .owl-wrapper .owl-item\").removeClass(\"hover_class\");\n                    jQuery(this).addClass(\"hover_class\");\n                  }\n                );\n\n\n                });\n              <\/script><div class=\"mt_members1 mt_slider_members_69d95ac796d37 row animateIn wow pulse\"><\/div>[vc_row_inner css=&#8221;.vc_custom_1513862299239{margin-bottom: 0px !important;padding-bottom: 40px !important;}&#8221;][vc_column_inner width=&#8221;1\/4&#8243;]<div class=\"stats-block statistics animateIn\" data-animate=\"fadeIn\"><div class=\"stats-head\"><p class=\"stat-number skill\"><\/p><\/div><div class=\"stats-content percentage\" data-perc=\"27\"><h1 class=\"skill-count\" style=\"color:#252525;\">27<\/h1><h3 class=\"skill-title\" style=\"text-align:center;color:#252525;\">anos de experi\u00eancia<\/h3><\/div><\/div>[\/vc_column_inner][vc_column_inner width=&#8221;1\/2&#8243;]<div class=\"stats-block statistics animateIn\" data-animate=\"fadeIn\"><div class=\"stats-head\"><p class=\"stat-number skill\"><\/p><\/div><div class=\"stats-content percentage\" data-perc=\"150\"><h1 class=\"skill-count\" style=\"color:#252525;\">150<\/h1><h3 class=\"skill-title\" style=\"text-align:center;color:#252525;\">Clientes Atendidos<\/h3><\/div><\/div>[\/vc_column_inner][vc_column_inner width=&#8221;1\/4&#8243;]<div class=\"stats-block statistics animateIn\" data-animate=\"fadeIn\"><div class=\"stats-head\"><p class=\"stat-number skill\"><\/p><\/div><div class=\"stats-content percentage\" data-perc=\"12000\"><h1 class=\"skill-count\" style=\"color:#252525;\">12000<\/h1><h3 class=\"skill-title\" style=\"text-align:center;color:#252525;\">Pessoas Treinadas<\/h3><\/div><\/div>[\/vc_column_inner][\/vc_row_inner][\/vc_column][\/vc_row][vc_row full_width=&#8221;stretch_row&#8221; css=&#8221;.vc_custom_1513862098889{margin-top: 0px !important;margin-bottom: 0px !important;padding-top: 45px !important;padding-bottom: 15px !important;background-color: #f8f8f8 !important;}&#8221;][vc_column]<div class=\"title-subtile-holder wow \"><h1 class=\"section-title\" style=\"color:#252525;text-align:center;\">\u00daltimas not\u00edcias<\/h1><h1 class=\"section-subtitle\" style=\"color:#8b8b8b;text-align:center\"><\/h1><\/div><div class=\"blog-posts simple-posts blog-posts-shortcode wow fadeIn\"><div class=\"row\"><div class=\"vc_col-sm-4\">\n                      <article class=\"single-post list-view\">\n                        <div class=\"blog_custom\">\n\n\n                          <!-- POST THUMBNAIL -->\n                          <div class=\"col-md-12 post-thumbnail\">\n                              <a class=\"relative\" href=\"https:\/\/venser.com.br\/index.php\/2022\/12\/05\/lideranca-e-engajamento\/\"><div class=\"grid\">\n                            <img class=\"blog_post_image\" src=\"https:\/\/venser.com.br\/wp-content\/uploads\/2022\/12\/3-group-of-people-working-out-business-plan-in-an-office-scaled.jpg\" alt=\"LIDERAN\u00c7A E ENGAJAMENTO: CONEX\u00c3O ENTRE CORPO, MENTE E ALMA\" \/>\n                        <\/div><\/a>\n                          <\/div>\n\n\n\n\n\n                          <!-- POST DETAILS -->\n                          <div class=\"post-details col-md-12\">\n\n\n                            <h3 class=\"post-name row\">\n                              <a href=\"https:\/\/venser.com.br\/index.php\/2022\/12\/05\/lideranca-e-engajamento\/\" title=\"LIDERAN\u00c7A E ENGAJAMENTO: CONEX\u00c3O ENTRE CORPO, MENTE E ALMA\">LIDERAN\u00c7A E ENGAJAMENTO: CONEX\u00c3O ENTRE CORPO, MENTE E ALMA<\/a>\n                            <\/h3>\n\n                            \n\n\n                            <div class=\"post-excerpt row\">\n                                <p>Por Am\u00e9lia Meleiro:\nUm dos principais desafios da Lideran\u00e7a \u00e9 como engajar o time para alcan\u00e7ar os objetivos da<\/p>\n                                <div class=\"text-element content-element\">\n                                <p class=\"text-left pull-left\">Post by: admin<\/p>\n                                <p class=\"text-right pull-right\">dezembro 5, 2022<\/p>\n                                <\/div>\n                            <\/div>\n                          <\/div>\n\n                          \n\n                        <\/div>\n                      <\/article>\n                    <\/div><\/div><\/div>[\/vc_column][\/vc_row][vc_row][vc_column][vc_column_text]<\/p>\n<h6 style=\"text-align: right;\"><a href=\"https:\/\/br.freepik.com\/fotos-gratis\/um-grupo-de-pessoas-multinacionais-ocupadas-trabalhando-no-escritorio_9279867.htm#query=Pessoas%20trabalhando&amp;position=4&amp;from_view=search&amp;track=sph\">Imagem de standret<\/a> no Freepik<br \/>\n<a href=\"https:\/\/br.freepik.com\/fotos-gratis\/diversas-pessoas-trabalhando-no-escritorio_15653914.htm#query=Pessoas%20trabalhando&amp;position=3&amp;from_view=search&amp;track=sph\">Imagem de rawpixel.com<\/a> no Freepik<br \/>\n<a href=\"https:\/\/br.freepik.com\/fotos-gratis\/grupo-de-pessoas-trabalhando-no-plano-de-negocios-em-um-escritorio_5495105.htm#query=Pessoas%20trabalhando&amp;position=2&amp;from_view=search&amp;track=sph\">Imagem de senivpetro<\/a> no Freepik<br \/>\n<a href=\"https:\/\/br.freepik.com\/fotos-gratis\/todos-estao-sorrindo-e-ouvindo-grupo-de-pessoas-em-conferencia-de-negocios-em-sala-de-aula-moderna-durante-o-dia_9694503.htm#query=Pessoas%20treinamento&amp;position=0&amp;from_view=search&amp;track=sph\">Imagem de standret<\/a> no Freepik<br \/>\n<a href=\"https:\/\/br.freepik.com\/fotos-gratis\/palestrante-masculino-fazendo-apresentacao-no-corredor-do-workshop-da-universidade-publico-ou-sala-de-conferencias_12726945.htm#query=Pessoas%20treinamento&amp;position=5&amp;from_view=search&amp;track=sph\">Imagem de master1305<\/a> no Freepik<br \/>\n<a href=\"https:\/\/br.freepik.com\/fotos-gratis\/um-grupo-de-amigos-alegres_3277777.htm#query=diversidade&amp;position=7&amp;from_view=search&amp;track=sph\">Imagem de rawpixel.com<\/a> no Freepik<br \/>\nImagem de <a href=\"https:\/\/br.freepik.com\/fotos-gratis\/jovens-comemorando-o-mes-do-orgulho_23987619.htm#query=diversidade&amp;position=24&amp;from_view=search&amp;track=sph\">Freepik<\/a><br \/>\n<a href=\"https:\/\/br.freepik.com\/fotos-gratis\/maos-negocio-juntou-junto-trabalho-equipe_2975995.htm#query=valores&amp;position=0&amp;from_view=search&amp;track=sph\">Imagem de rawpixel.com<\/a> no Freepik<br \/>\n<a href=\"https:\/\/br.freepik.com\/fotos-gratis\/panorama-do-por-do-sol-da-grande-muralha_26921266.htm#query=Hist%C3%B3ria&amp;position=34&amp;from_view=search&amp;track=sph\">Imagem de TravelScape<\/a> no Freepik<br \/>\n<a href=\"https:\/\/br.freepik.com\/fotos-gratis\/lider-de-equipe-focado-apresentando-plano-de-marketing-para-colegas-de-trabalho-multirraciais-interessados-executivo-chefe-palestrante-serio-treinador-de-negocios-explicando-a-estrategia-de-desenvolvimento-para-funcionarios-mesticos-motivados_17983464.htm#query=desenvolvimento&amp;position=29&amp;from_view=search&amp;track=sph\">Imagem de DCStudio<\/a> no Freepik<br \/>\n<a href=\"https:\/\/br.freepik.com\/fotos-gratis\/feliz-equipe-de-negocios-animada-comemorando-parceria-de-sucesso-desfrutando-juntos-no-escritorio-de-inicializacao-colaboracao-de-negocios-de-realizacao-de-diversos-empresarios-sorridentes-conceito-de-vitoria_23485573.htm#page=2&amp;query=equipe%20unida&amp;position=0&amp;from_view=search&amp;track=sph\">Imagem de DCStudio<\/a> no Freepik<br \/>\n<a href=\"https:\/\/br.freepik.com\/fotos-gratis\/economistas-falando_5401134.htm#query=conversa%20trabalho&amp;position=0&amp;from_view=search&amp;track=sph\">Imagem de pressfoto<\/a> no Freepik<\/h6>\n<p>[\/vc_column_text][\/vc_column][\/vc_row]<\/p>\n","protected":false},"excerpt":{"rendered":"<p>[vc_row full_width=&#8221;stretch_row&#8221; css=&#8221;.vc_custom_1513775640879{margin-top: 0px !important;margin-bottom: 0px !important;padding-top: 80px !important;padding-bottom: 55px !important;}&#8221;][vc_column][vc_empty_space height=&#8221;20px&#8221;][vc_row_inner css=&#8221;.vc_custom_1513775567730{margin-bottom: 0px !important;padding-bottom: 0px !important;}&#8221;][vc_column_inner width=&#8221;1\/3&#8243;][vc_single_image image=&#8221;7290&#8243; img_size=&#8221;150&#215;150&#8243; alignment=&#8221;center&#8221; style=&#8221;vc_box_circle_2&#8243;][vc_custom_heading text=&#8221;Diversidade e Inclus\u00e3o&#8221; font_container=&#8221;tag:h3|font_size:20|text_align:center|color:%23252525&#8243; google_fonts=&#8221;font_family:Nunito%3A300%2Cregular%2C700|font_style:700%20bold%20regular%3A700%3Anormal&#8221; css_animation=&#8221;fadeIn&#8221;][vc_btn title=&#8221;Mais informa\u00e7\u00f5es&#8221; style=&#8221;custom&#8221; custom_background=&#8221;#ffffff&#8221; custom_text=&#8221;#252525&#8243; align=&#8221;center&#8221; i_align=&#8221;right&#8221; i_icon_fontawesome=&#8221;fa fa-long-arrow-right&#8221; css_animation=&#8221;fadeIn&#8221; add_icon=&#8221;true&#8221; link=&#8221;url:https%3A%2F%2Fvenser.com.br%2Findex.php%2Fmindset-para-diversidade-e-inclusao%2F|title:Mindset%20para%20Diversidade%20e%20Inclus%C3%A3o||&#8221; el_class=&#8221;button-custom-community&#8221;][vc_single_image image=&#8221;7005&#8243; img_size=&#8221;150&#215;150&#8243; alignment=&#8221;center&#8221; style=&#8221;vc_box_circle_2&#8243;][vc_custom_heading text=&#8221;Conhecendo o Prop\u00f3sito da Empresa&#8221; font_container=&#8221;tag:h3|font_size:20|text_align:center|color:%23252525&#8243; google_fonts=&#8221;font_family:Nunito%3A300%2Cregular%2C700|font_style:700%20bold%20regular%3A700%3Anormal&#8221; css_animation=&#8221;fadeIn&#8221;][vc_btn title=&#8221;Mais informa\u00e7\u00f5es&#8221; [&hellip;]<\/p>\n","protected":false},"author":1,"featured_media":0,"parent":0,"menu_order":0,"comment_status":"closed","ping_status":"closed","template":"","meta":[],"_links":{"self":[{"href":"https:\/\/venser.com.br\/index.php\/wp-json\/wp\/v2\/pages\/5"}],"collection":[{"href":"https:\/\/venser.com.br\/index.php\/wp-json\/wp\/v2\/pages"}],"about":[{"href":"https:\/\/venser.com.br\/index.php\/wp-json\/wp\/v2\/types\/page"}],"author":[{"embeddable":true,"href":"https:\/\/venser.com.br\/index.php\/wp-json\/wp\/v2\/users\/1"}],"replies":[{"embeddable":true,"href":"https:\/\/venser.com.br\/index.php\/wp-json\/wp\/v2\/comments?post=5"}],"version-history":[{"count":103,"href":"https:\/\/venser.com.br\/index.php\/wp-json\/wp\/v2\/pages\/5\/revisions"}],"predecessor-version":[{"id":7332,"href":"https:\/\/venser.com.br\/index.php\/wp-json\/wp\/v2\/pages\/5\/revisions\/7332"}],"wp:attachment":[{"href":"https:\/\/venser.com.br\/index.php\/wp-json\/wp\/v2\/media?parent=5"}],"curies":[{"name":"wp","href":"https:\/\/api.w.org\/{rel}","templated":true}]}}